{"id":108,"date":"2020-08-04T16:55:00","date_gmt":"2020-08-04T16:55:00","guid":{"rendered":"https:\/\/bavicon.de\/?page_id=108"},"modified":"2020-08-04T16:56:32","modified_gmt":"2020-08-04T16:56:32","slug":"kundenbetreuung","status":"publish","type":"page","link":"https:\/\/bavicon.de\/index.php\/kundenbetreuung\/","title":{"rendered":"Kundenbetreuung"},"content":{"rendered":"\n<p>Um den langfristigen Erfolg einer Kapitalanlage zu begleiten ist uns eine laufende und pers\u00f6nliche Kundenbetreuung besonders wichtig. Dabei sind wir Ansprechpartner f\u00fcr Fondsmanager und Investor zugleich. Somit k\u00f6nnen wir z.B. nach der Investition bei Investorenanfragen, dem laufenden Reporting oder den Anlageausschusssitzungen Unterst\u00fctzung bieten.<\/p>\n","protected":false},"excerpt":{"rendered":"<p>Um den langfristigen Erfolg einer Kapitalanlage zu begleiten ist uns eine laufende und pers\u00f6nliche Kundenbetreuung besonders wichtig. Dabei sind wir Ansprechpartner f\u00fcr Fondsmanager und Investor zugleich. Somit k\u00f6nnen wir z.B. nach der Investition bei Investorenanfragen, dem laufenden Reporting oder den Anlageausschusssitzungen Unterst\u00fctzung bieten.<\/p>\n","protected":false},"author":1,"featured_media":0,"parent":0,"menu_order":0,"comment_status":"closed","ping_status":"closed","template":"","meta":{"footnotes":""},"class_list":["post-108","page","type-page","status-publish","hentry"],"_links":{"self":[{"href":"https:\/\/bavicon.de\/index.php\/wp-json\/wp\/v2\/pages\/108","targetHints":{"allow":["GET"]}}],"collection":[{"href":"https:\/\/bavicon.de\/index.php\/wp-json\/wp\/v2\/pages"}],"about":[{"href":"https:\/\/bavicon.de\/index.php\/wp-json\/wp\/v2\/types\/page"}],"author":[{"embeddable":true,"href":"https:\/\/bavicon.de\/index.php\/wp-json\/wp\/v2\/users\/1"}],"replies":[{"embeddable":true,"href":"https:\/\/bavicon.de\/index.php\/wp-json\/wp\/v2\/comments?post=108"}],"version-history":[{"count":2,"href":"https:\/\/bavicon.de\/index.php\/wp-json\/wp\/v2\/pages\/108\/revisions"}],"predecessor-version":[{"id":117,"href":"https:\/\/bavicon.de\/index.php\/wp-json\/wp\/v2\/pages\/108\/revisions\/117"}],"wp:attachment":[{"href":"https:\/\/bavicon.de\/index.php\/wp-json\/wp\/v2\/media?parent=108"}],"curies":[{"name":"wp","href":"https:\/\/api.w.org\/{rel}","templated":true}]}}