{"id":122,"date":"2020-08-04T17:04:50","date_gmt":"2020-08-04T17:04:50","guid":{"rendered":"https:\/\/bavicon.de\/?page_id=122"},"modified":"2020-08-04T17:05:08","modified_gmt":"2020-08-04T17:05:08","slug":"datenschutz","status":"publish","type":"page","link":"https:\/\/bavicon.de\/index.php\/datenschutz\/","title":{"rendered":"Datenschutz"},"content":{"rendered":"\n<p><strong>Haftung f\u00fcr Inhalte<\/strong><\/p>\n\n\n\n<p>Die Inhalte unserer Seiten wurden mit gr\u00f6\u00dfter Sorgfalt erstellt. F\u00fcr die Richtigkeit, Vollst\u00e4ndigkeit und Aktualit\u00e4t der Inhalte k\u00f6nnen wir jedoch keine Gew\u00e4hr \u00fcbernehmen. Als Diensteanbieter sind wir gem\u00e4\u00df \u00a7 7 Abs.1 TMG f\u00fcr eigene Inhalte auf diesen Seiten nach den allgemeinen Gesetzen verantwortlich. Nach \u00a7\u00a7 8 bis 10 TMG sind wir als Diensteanbieter jedoch nicht verpflichtet, \u00fcbermittelte oder gespeicherte fremde Informationen zu \u00fcberwachen oder nach Umst\u00e4nden zu forschen, die auf eine rechtswidrige T\u00e4tigkeit hinweisen. Verpflichtungen zur Entfernung oder Sperrung der Nutzung von Informationen nach den allgemeinen Gesetzen bleiben hiervon unber\u00fchrt. Eine diesbez\u00fcgliche Haftung ist jedoch erst ab dem Zeitpunkt der Kenntnis einer konkreten Rechtsverletzung m\u00f6glich. Bei Bekanntwerden von entsprechenden Rechtsverletzungen werden wir diese Inhalte umgehend entfernen.<\/p>\n\n\n\n<p><strong>Haftung f\u00fcr Links<\/strong><\/p>\n\n\n\n<p>Unser Angebot enth\u00e4lt Links zu externen Webseiten Dritter, auf deren Inhalte wir keinen Einfluss haben. Deshalb k\u00f6nnen wir f\u00fcr diese fremden Inhalte auch keine Gew\u00e4hr \u00fcbernehmen. F\u00fcr die Inhalte der verlinkten Seiten ist stets der jeweilige Anbieter oder Betreiber der Seiten verantwortlich. Die verlinkten Seiten wurden zum Zeitpunkt der Verlinkung auf m\u00f6gliche Rechtsverst\u00f6\u00dfe \u00fcberpr\u00fcft. Rechtswidrige Inhalte waren zum Zeitpunkt der Verlinkung nicht erkennbar. Eine permanente inhaltliche Kontrolle der verlinkten Seiten ist jedoch ohne konkrete Anhaltspunkte einer Rechtsverletzung nicht zumutbar. Bei Bekanntwerden von Rechtsverletzungen werden wir derartige Links umgehend entfernen.<\/p>\n\n\n\n<p><strong>Urheberrecht<\/strong><\/p>\n\n\n\n<p>Die durch die Seitenbetreiber erstellten Inhalte und Werke auf diesen Seiten unterliegen dem deutschen Urheberrecht. Die Vervielf\u00e4ltigung, Bearbeitung, Verbreitung und jede Art der Verwertung au\u00dferhalb der Grenzen des Urheberrechtes bed\u00fcrfen der schriftlichen Zustimmung des jeweiligen Autors bzw. Erstellers. Downloads und Kopien dieser Seite sind nur f\u00fcr den privaten, nicht kommerziellen Gebrauch gestattet. Soweit die Inhalte auf dieser Seite nicht vom Betreiber erstellt wurden, werden die Urheberrechte Dritter beachtet. Insbesondere werden Inhalte Dritter als solche gekennzeichnet. Sollten Sie trotzdem auf eine Urheberrechtsverletzung aufmerksam werden, bitten wir um einen entsprechenden Hinweis. Bei Bekanntwerden von Rechtsverletzungen werden wir derartige Inhalte umgehend entfernen.<\/p>\n\n\n\n<p><strong>Datenschutz<\/strong><\/p>\n\n\n\n<p>Diese Datenschutzerkl\u00e4rung kl\u00e4rt Sie \u00fcber die Art, den Umfang und Zweck der Verarbeitung von personenbezogenen Daten (nachfolgend kurz \u201eDaten\u201c) innerhalb unseres Onlineangebotes und der mit ihm verbundenen Webseiten, Funktionen und Inhalte auf. (nachfolgend gemeinsam bezeichnet als \u201eOnlineangebot\u201c). Im Hinblick auf die verwendeten Begrifflichkeiten, wie z.B. \u201epersonenbezogene Daten\u201c oder deren \u201eVerarbeitung\u201c verweisen wir auf die Definitionen im Art. 4 der Datenschutzgrundverordnung (DSGVO).<\/p>\n\n\n\n<p>bavi consulting GmbH<br>Friedberger Str. 3<br>61118 Bad Vilbel<\/p>\n\n\n\n<p>Gesch\u00e4ftsf\u00fchrer: Robert L. Hau<\/p>\n\n\n\n<p>Datenschutzbeauftragte<br>Marion Derksen<br>datenschutz@bavicon.de<\/p>\n\n\n\n<p><strong>1. Erhebung und Verarbeitung personenbezogener Daten<\/strong><br>Beim Besuch der Webseite wird jeder Zugriff und jeder Abruf einer auf der Webseite hinterlegten Datei protokolliert. Protokolliert werden: Name der abgerufenen Datei, Datum und Uhrzeit des Abrufs, \u00fcbertragene Datenmenge, Meldung \u00fcber erfolgreichen Abruf, Webbrowser und anfragende Domain. Zus\u00e4tzlich werden die IP-Adressen der anfragenden Rechner anonymisiert protokolliert. Die Protokollierung erfolgt zum Zweck der Gew\u00e4hrleistung eines reibungslosen Verbindungsaufbaus, einer Optimierung unserer Webseiten sowie zur Sicherung der Systemstabilit\u00e4t. Die Daten werden nicht verwendet um weitere R\u00fcckschl\u00fcsse auf Ihre Person zu beziehen.<\/p>\n\n\n\n<p>Wenn Sie sich online f\u00fcr unseren Newsletter, die monatlichen Factsheets und spezielle Fondsinformationen anmelden, werden wir Sie ausdr\u00fccklich auffordern einzuwilligen, dass wir Ihre E-Mail Adresse f\u00fcr den regelm\u00e4\u00dfigen Informationsversand nutzen d\u00fcrfen. Sie k\u00f6nnen jederzeit den Versand einstellen und uns hier\u00fcber eine Mail zusenden.<\/p>\n\n\n\n<p>Die Speicherung der Daten erfolgt in allen F\u00e4llen nur und solange es die gesetzlichen Aufbewahrungspflichten und \u2013fristen verlangen oder die genannten Zwecke vorliegen. Danach werden sie gel\u00f6scht.<\/p>\n\n\n\n<p><strong>2. \u00dcbermittlung von Daten<\/strong><br>Eine \u00dcbermittlung von personenbezogenen Daten an Dritte ist nur zu bestimmten Zwecken vorgesehen. Diese Zwecke richten sich nach dem Vorliegen gesetzlicher Vorschriften z.B. GwG, der Erf\u00fcllung von vertraglichen Vereinbarungen und Ihrer Zustimmung sowie der Nachverfolgung von Rechtsanspr\u00fcchen insofern dem keine schutzw\u00fcrdigen Interessen Dritter entgegenstehen.<\/p>\n\n\n\n<p><strong>3. Cookies und Reichweitenmessung<\/strong><br>Cookies sind Informationen, die von unserem Webserver oder Webservern Dritter an die Web-Browser der Nutzer \u00fcbertragen und dort f\u00fcr einen sp\u00e4teren Abruf gespeichert werden. Bei Cookies kann es sich um kleine Dateien oder sonstige Arten der Informationsspeicherung handeln.<\/p>\n\n\n\n<p>Wir setzen derzeit keine tempor\u00e4ren und permanenten Cookies ein.<\/p>\n\n\n\n<p><strong>4.&nbsp;Regelm\u00e4ssige Fondsinformationen und adhoc Mitteilungen<\/strong><br>Mit den nachfolgenden Hinweisen informieren wir Sie \u00fcber die Inhalte unserer regelm\u00e4ssig \u00fcbersandten Informationen sowie das Anmelde-, Versand- und Abmeldeverfahren mit Ihren Widerspruchsrechte. Indem Sie unseren allgemeinen Informationsversand abonnieren, erkl\u00e4ren Sie sich mit dem Empfang und den beschriebenen Verfahren einverstanden.<\/p>\n\n\n\n<p>Inhalt der regelm\u00e4ssigen und adhoc Informateione: Wir versenden monatliche Fondsinformation in Form von Factsheets, die Sie regelm\u00e4ssig \u00fcber die Publikumsfonds und Spezialfondsstrategien und deren Entwicklung auf dem Laufenden halten. Dar\u00fcber hinaus werden adhoc auch weitere Informationen wie Pr\u00e4sentationen oder auch Informationen zur allgemeinen Marktsituation versand. Zudem erhalten Sie gelegentlich Presseberichte, weitere Fondsnews oder \u00e4hnliche Informationen. Werbliche Mails mit Fondsinformationen werden zudem individuell versand.<\/p>\n\n\n\n<p>Die Anmeldung zum Informationsversand wird in einer Mailingliste produnktspezifisch gespeichert. Sie k\u00f6nnen uns jederzeit per Mail mitteilen, dass Sie einen Informationsversand nicht mehr w\u00fcnschen. Wir l\u00f6schen dann Ihre Daten aus den individuellen Mailverteilern<\/p>\n\n\n\n<p><strong>5. Auskunfts- und Einspruchsrecht<\/strong><\/p>\n\n\n\n<p>Sie haben jederzeit das Recht auf unentgeltliche Auskunft \u00fcber Ihre gespeicherten personenbezogenen Daten, deren Herkunft und Empf\u00e4nger und den Zweck der Datenverarbeitung sowie ein Recht auf Berichtigung, Sperrung oder L\u00f6schung dieser Daten. Eine L\u00f6schung kann nur erfolgen sofern dem keine gesetzlichen oder vertraglichen Pflichten zur Datenerhebung entgegenstehen.<\/p>\n\n\n\n<p>Sollten Daten aufgrund eines berechtigten Interesses erfasst worden sein, haben Sie die M\u00f6glichkeit des Widerspruchs gegen die Verarbeitung.<\/p>\n\n\n\n<p>Hierzu sowie zu weiteren Fragen zum Thema personenbezogene Daten k\u00f6nnen Sie sich jederzeit an den Datenschutzbeauftragten wenden.<\/p>\n\n\n\n<p>Daneben haben Sie das Recht zur Beschwerde bei den zust\u00e4ndigen Aufsichtsbeh\u00f6rden<\/p>\n\n\n\n<p>Die Nutzung unserer Webseite ist in der Regel ohne Angabe personenbezogener Daten m\u00f6glich. Soweit auf unseren Seiten personenbezogene Daten (beispielsweise Name, Anschrift oder eMail-Adressen) erhoben werden, erfolgt dies, soweit m\u00f6glich, stets auf freiwilliger Basis. Diese Daten werden ohne Ihre ausdr\u00fcckliche Zustimmung nicht an Dritte weitergegeben.<\/p>\n\n\n\n<p>Wir weisen darauf hin, dass die Daten\u00fcbertragung im Internet (z.B. bei der Kommunikation per E-Mail) Sicherheitsl\u00fccken aufweisen kann. Ein l\u00fcckenloser Schutz der Daten vor dem Zugriff durch Dritte ist nicht m\u00f6glich.<\/p>\n\n\n\n<p>Der Nutzung von im Rahmen der Impressumspflicht ver\u00f6ffentlichten Kontaktdaten durch Dritte zur \u00dcbersendung von nicht ausdr\u00fccklich angeforderter Werbung und Informationsmaterialien wird hiermit ausdr\u00fccklich widersprochen. Die Betreiber der Seiten behalten sich ausdr\u00fccklich rechtliche Schritte im Falle der unverlangten Zusendung von Werbeinformationen, etwa durch Spam-Mails, vor.<\/p>\n\n\n\n<p>Quelle:&nbsp;<a href=\"https:\/\/bavicon.de\/www.erecht.de\">eRecht24.de<\/a>&nbsp;\u2013 Internetrecht von Rechtsanwalt S\u00f6ren Siebert<\/p>\n","protected":false},"excerpt":{"rendered":"<p>Haftung f\u00fcr Inhalte Die Inhalte unserer Seiten wurden mit gr\u00f6\u00dfter Sorgfalt erstellt. F\u00fcr die Richtigkeit, Vollst\u00e4ndigkeit und Aktualit\u00e4t der Inhalte k\u00f6nnen wir jedoch keine Gew\u00e4hr \u00fcbernehmen. Als Diensteanbieter sind wir gem\u00e4\u00df \u00a7 7 Abs.1 TMG f\u00fcr eigene Inhalte auf diesen Seiten nach den allgemeinen Gesetzen verantwortlich. Nach \u00a7\u00a7 8 bis 10 TMG sind wir als &hellip; <\/p>\n<p class=\"link-more\"><a href=\"https:\/\/bavicon.de\/index.php\/datenschutz\/\" class=\"more-link\"><span class=\"screen-reader-text\">\u201eDatenschutz\u201c<\/span> weiterlesen<\/a><\/p>\n","protected":false},"author":1,"featured_media":0,"parent":0,"menu_order":0,"comment_status":"closed","ping_status":"closed","template":"","meta":{"footnotes":""},"class_list":["post-122","page","type-page","status-publish","hentry"],"_links":{"self":[{"href":"https:\/\/bavicon.de\/index.php\/wp-json\/wp\/v2\/pages\/122","targetHints":{"allow":["GET"]}}],"collection":[{"href":"https:\/\/bavicon.de\/index.php\/wp-json\/wp\/v2\/pages"}],"about":[{"href":"https:\/\/bavicon.de\/index.php\/wp-json\/wp\/v2\/types\/page"}],"author":[{"embeddable":true,"href":"https:\/\/bavicon.de\/index.php\/wp-json\/wp\/v2\/users\/1"}],"replies":[{"embeddable":true,"href":"https:\/\/bavicon.de\/index.php\/wp-json\/wp\/v2\/comments?post=122"}],"version-history":[{"count":2,"href":"https:\/\/bavicon.de\/index.php\/wp-json\/wp\/v2\/pages\/122\/revisions"}],"predecessor-version":[{"id":126,"href":"https:\/\/bavicon.de\/index.php\/wp-json\/wp\/v2\/pages\/122\/revisions\/126"}],"wp:attachment":[{"href":"https:\/\/bavicon.de\/index.php\/wp-json\/wp\/v2\/media?parent=122"}],"curies":[{"name":"wp","href":"https:\/\/api.w.org\/{rel}","templated":true}]}}