{"id":21,"date":"2020-07-21T17:35:43","date_gmt":"2020-07-21T17:35:43","guid":{"rendered":"https:\/\/bavicon.de\/?page_id=21"},"modified":"2020-09-22T09:57:41","modified_gmt":"2020-09-22T09:57:41","slug":"ueber-uns","status":"publish","type":"page","link":"https:\/\/bavicon.de\/index.php\/ueber-uns\/","title":{"rendered":"Leistungen"},"content":{"rendered":"\n<p><strong>Partner f\u00fcr Fondsmanager<\/strong><\/p>\n\n\n\n<p>Wir verstehen uns als Partner von Fondsmanagern und deren Bindeglied zum institutionellen Kapitalanleger. Dabei umfasst unsere T\u00e4tigkeit nicht nur die reine Anlagenvermittlung, sondern auch die Begleitung vor und nach der Kapitalanlage. Hierbei ist die Unterst\u00fctzung unserer Kunden im Rahmen Ihrer Produktentwicklung und der damit verbundenen Zielgruppenauswahl besonders wichtig.<\/p>\n\n\n\n<p><strong>Anlagenvermittlung und Kundennetzwerk<\/strong><\/p>\n\n\n\n<p>Wir verf\u00fcgen \u00fcber ein sehr gut ausgebautes Kundennetzwerk und einen exzellenten Investorenzugang. Dadurch ist es uns m\u00f6glich, Kapitalanlageprodukte z\u00fcgig zu vermitteln bzw. zu platzieren. Der Kundenkreis setzt sich \u00fcberwiegend aus Pensionskassen, Versorgungswerken, Versicherungen, Banken, Family Offices, Stiftungen und Consultants zusammen.<\/p>\n\n\n\n<p><\/p>\n\n\n\n<p><strong>Kundenbetreuung<\/strong><\/p>\n\n\n\n<p>Um den langfristigen Erfolg einer Kapitalanlage zu begleiten ist uns eine laufende und pers\u00f6nliche Kundenbetreuung besonders wichtig. Dabei sind wir Ansprechpartner f\u00fcr Fondsmanager und Investor zugleich. Somit k\u00f6nnen wir z.B. nach der Investition bei Investorenanfragen, dem laufenden Reporting oder den Anlageausschusssitzungen Unterst\u00fctzung bieten.<\/p>\n","protected":false},"excerpt":{"rendered":"<p>Partner f\u00fcr Fondsmanager Wir verstehen uns als Partner von Fondsmanagern und deren Bindeglied zum institutionellen Kapitalanleger. Dabei umfasst unsere T\u00e4tigkeit nicht nur die reine Anlagenvermittlung, sondern auch die Begleitung vor und nach der Kapitalanlage. Hierbei ist die Unterst\u00fctzung unserer Kunden im Rahmen Ihrer Produktentwicklung und der damit verbundenen Zielgruppenauswahl besonders wichtig. Anlagenvermittlung und Kundennetzwerk Wir &hellip; <\/p>\n<p class=\"link-more\"><a href=\"https:\/\/bavicon.de\/index.php\/ueber-uns\/\" class=\"more-link\"><span class=\"screen-reader-text\">\u201eLeistungen\u201c<\/span> weiterlesen<\/a><\/p>\n","protected":false},"author":1,"featured_media":0,"parent":0,"menu_order":0,"comment_status":"closed","ping_status":"closed","template":"","meta":{"footnotes":""},"class_list":["post-21","page","type-page","status-publish","hentry"],"_links":{"self":[{"href":"https:\/\/bavicon.de\/index.php\/wp-json\/wp\/v2\/pages\/21","targetHints":{"allow":["GET"]}}],"collection":[{"href":"https:\/\/bavicon.de\/index.php\/wp-json\/wp\/v2\/pages"}],"about":[{"href":"https:\/\/bavicon.de\/index.php\/wp-json\/wp\/v2\/types\/page"}],"author":[{"embeddable":true,"href":"https:\/\/bavicon.de\/index.php\/wp-json\/wp\/v2\/users\/1"}],"replies":[{"embeddable":true,"href":"https:\/\/bavicon.de\/index.php\/wp-json\/wp\/v2\/comments?post=21"}],"version-history":[{"count":8,"href":"https:\/\/bavicon.de\/index.php\/wp-json\/wp\/v2\/pages\/21\/revisions"}],"predecessor-version":[{"id":165,"href":"https:\/\/bavicon.de\/index.php\/wp-json\/wp\/v2\/pages\/21\/revisions\/165"}],"wp:attachment":[{"href":"https:\/\/bavicon.de\/index.php\/wp-json\/wp\/v2\/media?parent=21"}],"curies":[{"name":"wp","href":"https:\/\/api.w.org\/{rel}","templated":true}]}}