{"id":28,"date":"2020-07-21T17:35:43","date_gmt":"2020-07-21T17:35:43","guid":{"rendered":"https:\/\/bavicon.de\/?page_id=28"},"modified":"2025-01-09T08:17:02","modified_gmt":"2025-01-09T08:17:02","slug":"startseite","status":"publish","type":"page","link":"https:\/\/bavicon.de\/","title":{"rendered":"Unternehmen"},"content":{"rendered":"\n<p><strong><span style=\"color:#6b0000\" class=\"has-inline-color\">bavicon &#8211; Kompetenz im Vertrieb<\/span><\/strong><\/p>\n\n\n\n<p>Die bavi consulting GmbH, mit Robert L. Hau als Inhaber und Gesch\u00e4ftsf\u00fchrer, ist ein unabh\u00e4ngiger Vertriebsconsultant.\u00a0Im deutschsprachigen Markt \u00fcbernimmt die \u201ebavicon\u201c\u00a0\u00a0f\u00fcr diverse Fondsmanager die Vermittlung von Kapitalanlagen an institutionelle und semi-institutionelle Investoren.  Das beinhaltet Kapitalanlagen im liquiden Bereich, wie Aktien- und Rentenfonds (Bonds) bis hin zu sog. &#8222;liquid Alternatives&#8220;, sowohl im UCITs Fondsmantel wie auch im Spezialfondsbereich. Zudem werden geschlossene Fonds im Bereich private debt, direct lending, Immobilien und Infrastruktur vermittelt.<\/p>\n\n\n\n<p><\/p>\n","protected":false},"excerpt":{"rendered":"<p>bavicon &#8211; Kompetenz im Vertrieb Die bavi consulting GmbH, mit Robert L. Hau als Inhaber und Gesch\u00e4ftsf\u00fchrer, ist ein unabh\u00e4ngiger Vertriebsconsultant.\u00a0Im deutschsprachigen Markt \u00fcbernimmt die \u201ebavicon\u201c\u00a0\u00a0f\u00fcr diverse Fondsmanager die Vermittlung von Kapitalanlagen an institutionelle und semi-institutionelle Investoren. Das beinhaltet Kapitalanlagen im liquiden Bereich, wie Aktien- und Rentenfonds (Bonds) bis hin zu sog. &#8222;liquid Alternatives&#8220;, sowohl &hellip; <\/p>\n<p class=\"link-more\"><a href=\"https:\/\/bavicon.de\/\" class=\"more-link\"><span class=\"screen-reader-text\">\u201eUnternehmen\u201c<\/span> weiterlesen<\/a><\/p>\n","protected":false},"author":1,"featured_media":0,"parent":0,"menu_order":0,"comment_status":"closed","ping_status":"closed","template":"","meta":{"footnotes":""},"class_list":["post-28","page","type-page","status-publish","hentry"],"_links":{"self":[{"href":"https:\/\/bavicon.de\/index.php\/wp-json\/wp\/v2\/pages\/28","targetHints":{"allow":["GET"]}}],"collection":[{"href":"https:\/\/bavicon.de\/index.php\/wp-json\/wp\/v2\/pages"}],"about":[{"href":"https:\/\/bavicon.de\/index.php\/wp-json\/wp\/v2\/types\/page"}],"author":[{"embeddable":true,"href":"https:\/\/bavicon.de\/index.php\/wp-json\/wp\/v2\/users\/1"}],"replies":[{"embeddable":true,"href":"https:\/\/bavicon.de\/index.php\/wp-json\/wp\/v2\/comments?post=28"}],"version-history":[{"count":15,"href":"https:\/\/bavicon.de\/index.php\/wp-json\/wp\/v2\/pages\/28\/revisions"}],"predecessor-version":[{"id":272,"href":"https:\/\/bavicon.de\/index.php\/wp-json\/wp\/v2\/pages\/28\/revisions\/272"}],"wp:attachment":[{"href":"https:\/\/bavicon.de\/index.php\/wp-json\/wp\/v2\/media?parent=28"}],"curies":[{"name":"wp","href":"https:\/\/api.w.org\/{rel}","templated":true}]}}